{"id":923,"date":"2023-12-09T10:34:01","date_gmt":"2023-12-09T09:34:01","guid":{"rendered":"https:\/\/fysiotek-webbshop.se\/produkt\/acomax-valkoinen-savi\/"},"modified":"2023-12-09T10:34:01","modified_gmt":"2023-12-09T09:34:01","slug":"acomax-valkoinen-savi","status":"publish","type":"product","link":"https:\/\/fysiotek-webbshop.se\/fi\/tuote\/acomax-valkoinen-savi\/","title":{"rendered":"Acomax Valkoinen savi"},"content":{"rendered":"<p><strong>K\u00c4YTT\u00d6OHJE<\/strong><\/p>\n<p>1. Sekoita vett\u00e4 saven joukkoon, kunnes saat tasaisen, hyvin levitett\u00e4v\u00e4n massan.<\/p>\n<p>2. Levit\u00e4 savi puhtaaseen hiuspohjaan, voit laittaa p\u00e4\u00e4lle kelmun tai suihkumyssyn est\u00e4m\u00e4\u00e4n saven kuivumista.<\/p>\n<p>3. Anna vaikuttaa 15 min.<\/p>\n<p>4. Huuhtele savi hiuspohjasta.<\/p>\n<p>5. Laita lopuksi hoitoaine.<\/p>\n<h6>AINESOSAT:<\/h6>\n<p>Silika (SI02) 47%, Alumiinioksidi (AI203) 37,3%, Titaanioksidi (Ti02) 0,1%, Rauta (Fe203) 1,1%,<br \/>\nKalkki (Ca0) 0,05%, Magnesium (Mg0) 0,15%, Kalium (K20) 1,4%, Natrium (Na20) 0,15%, F.L.<br \/>\n(hehkutusj\u00e4\u00e4nn\u00f6s) 13%.<\/p>\n","protected":false},"excerpt":{"rendered":"<p>Acomax- syv\u00e4puhdistava valkoinen savi on tarkoitettu imem\u00e4\u00e4n ihosta ep\u00e4puhtauksia ja luovuttamaan iholle mineraaleja<br \/>\nja hivenaineita. Saven avulla halutaan tasapainottaa talinerityst\u00e4 sek\u00e4 uudistaa, rauhoittaa ja vahvistaa hiuspohjan ihoa.<\/p>\n<p>Acomax on suomalainen tuotesarja erilaisiin hiuspohjan ongelmiin.<\/p>\n","protected":false},"featured_media":922,"template":"","meta":{"_acf_changed":false},"product_brand":[],"product_cat":[75,73],"product_tag":[],"class_list":{"0":"post-923","1":"product","2":"type-product","3":"status-publish","4":"has-post-thumbnail","6":"product_cat-acomax-fi","7":"product_cat-hiustenlahto","9":"first","10":"instock","11":"taxable","12":"shipping-taxable","13":"purchasable","14":"product-type-simple"},"acf":[],"yoast_head":"<!-- This site is optimized with the Yoast SEO plugin v27.3 - https:\/\/yoast.com\/product\/yoast-seo-wordpress\/ -->\n<title>Acomax Valkoinen savi - Fysiotek<\/title>\n<meta name=\"robots\" content=\"index, follow, max-snippet:-1, max-image-preview:large, max-video-preview:-1\" \/>\n<link rel=\"canonical\" href=\"https:\/\/fysiotek-webbshop.se\/fi\/tuote\/acomax-valkoinen-savi\/\" \/>\n<meta property=\"og:locale\" content=\"fi_FI\" \/>\n<meta property=\"og:type\" content=\"article\" \/>\n<meta property=\"og:title\" content=\"Acomax Valkoinen savi - Fysiotek\" \/>\n<meta property=\"og:description\" content=\"Acomax- syv\u00e4puhdistava valkoinen savi on tarkoitettu imem\u00e4\u00e4n ihosta ep\u00e4puhtauksia ja luovuttamaan iholle mineraaleja ja hivenaineita. Saven avulla halutaan tasapainottaa talinerityst\u00e4 sek\u00e4 uudistaa, rauhoittaa ja vahvistaa hiuspohjan ihoa.  Acomax on suomalainen tuotesarja erilaisiin hiuspohjan ongelmiin.\" \/>\n<meta property=\"og:url\" content=\"https:\/\/fysiotek-webbshop.se\/fi\/tuote\/acomax-valkoinen-savi\/\" \/>\n<meta property=\"og:site_name\" content=\"Fysiotek\" \/>\n<meta property=\"og:image\" content=\"https:\/\/fysiotek-webbshop.se\/wp-content\/uploads\/2023\/12\/Acomax-lera.jpg\" \/>\n\t<meta property=\"og:image:width\" content=\"637\" \/>\n\t<meta property=\"og:image:height\" content=\"562\" \/>\n\t<meta property=\"og:image:type\" content=\"image\/jpeg\" \/>\n<meta name=\"twitter:card\" content=\"summary_large_image\" \/>\n<script type=\"application\/ld+json\" class=\"yoast-schema-graph\">{\"@context\":\"https:\\\/\\\/schema.org\",\"@graph\":[{\"@type\":\"WebPage\",\"@id\":\"https:\\\/\\\/fysiotek-webbshop.se\\\/fi\\\/tuote\\\/acomax-valkoinen-savi\\\/\",\"url\":\"https:\\\/\\\/fysiotek-webbshop.se\\\/fi\\\/tuote\\\/acomax-valkoinen-savi\\\/\",\"name\":\"Acomax Valkoinen savi - Fysiotek\",\"isPartOf\":{\"@id\":\"https:\\\/\\\/fysiotek-webbshop.se\\\/#website\"},\"primaryImageOfPage\":{\"@id\":\"https:\\\/\\\/fysiotek-webbshop.se\\\/fi\\\/tuote\\\/acomax-valkoinen-savi\\\/#primaryimage\"},\"image\":{\"@id\":\"https:\\\/\\\/fysiotek-webbshop.se\\\/fi\\\/tuote\\\/acomax-valkoinen-savi\\\/#primaryimage\"},\"thumbnailUrl\":\"https:\\\/\\\/fysiotek-webbshop.se\\\/wp-content\\\/uploads\\\/2023\\\/12\\\/Acomax-lera.jpg\",\"datePublished\":\"2023-12-09T09:34:01+00:00\",\"breadcrumb\":{\"@id\":\"https:\\\/\\\/fysiotek-webbshop.se\\\/fi\\\/tuote\\\/acomax-valkoinen-savi\\\/#breadcrumb\"},\"inLanguage\":\"fi\",\"potentialAction\":[{\"@type\":\"ReadAction\",\"target\":[\"https:\\\/\\\/fysiotek-webbshop.se\\\/fi\\\/tuote\\\/acomax-valkoinen-savi\\\/\"]}]},{\"@type\":\"ImageObject\",\"inLanguage\":\"fi\",\"@id\":\"https:\\\/\\\/fysiotek-webbshop.se\\\/fi\\\/tuote\\\/acomax-valkoinen-savi\\\/#primaryimage\",\"url\":\"https:\\\/\\\/fysiotek-webbshop.se\\\/wp-content\\\/uploads\\\/2023\\\/12\\\/Acomax-lera.jpg\",\"contentUrl\":\"https:\\\/\\\/fysiotek-webbshop.se\\\/wp-content\\\/uploads\\\/2023\\\/12\\\/Acomax-lera.jpg\",\"width\":637,\"height\":562,\"caption\":\"Acomax lera\"},{\"@type\":\"BreadcrumbList\",\"@id\":\"https:\\\/\\\/fysiotek-webbshop.se\\\/fi\\\/tuote\\\/acomax-valkoinen-savi\\\/#breadcrumb\",\"itemListElement\":[{\"@type\":\"ListItem\",\"position\":1,\"name\":\"Hem\",\"item\":\"https:\\\/\\\/fysiotek-webbshop.se\\\/fi\\\/\"},{\"@type\":\"ListItem\",\"position\":2,\"name\":\"Tuotteet\",\"item\":\"https:\\\/\\\/fysiotek-webbshop.se\\\/fi\\\/tuotteet\\\/\"},{\"@type\":\"ListItem\",\"position\":3,\"name\":\"Acomax Valkoinen savi\"}]},{\"@type\":\"WebSite\",\"@id\":\"https:\\\/\\\/fysiotek-webbshop.se\\\/#website\",\"url\":\"https:\\\/\\\/fysiotek-webbshop.se\\\/\",\"name\":\"Fysiotek\",\"description\":\"V\u00e4lkommen till v\u00e5ran webbshop p\u00e5 Fysiotek Haparanda\",\"publisher\":{\"@id\":\"https:\\\/\\\/fysiotek-webbshop.se\\\/#organization\"},\"potentialAction\":[{\"@type\":\"SearchAction\",\"target\":{\"@type\":\"EntryPoint\",\"urlTemplate\":\"https:\\\/\\\/fysiotek-webbshop.se\\\/?s={search_term_string}\"},\"query-input\":{\"@type\":\"PropertyValueSpecification\",\"valueRequired\":true,\"valueName\":\"search_term_string\"}}],\"inLanguage\":\"fi\"},{\"@type\":\"Organization\",\"@id\":\"https:\\\/\\\/fysiotek-webbshop.se\\\/#organization\",\"name\":\"Fysiotek\",\"url\":\"https:\\\/\\\/fysiotek-webbshop.se\\\/\",\"logo\":{\"@type\":\"ImageObject\",\"inLanguage\":\"fi\",\"@id\":\"https:\\\/\\\/fysiotek-webbshop.se\\\/#\\\/schema\\\/logo\\\/image\\\/\",\"url\":\"https:\\\/\\\/fysiotek-webbshop.se\\\/wp-content\\\/uploads\\\/2020\\\/09\\\/Logga-fysioteket.jpg\",\"contentUrl\":\"https:\\\/\\\/fysiotek-webbshop.se\\\/wp-content\\\/uploads\\\/2020\\\/09\\\/Logga-fysioteket.jpg\",\"width\":895,\"height\":230,\"caption\":\"Fysiotek\"},\"image\":{\"@id\":\"https:\\\/\\\/fysiotek-webbshop.se\\\/#\\\/schema\\\/logo\\\/image\\\/\"}}]}<\/script>\n<!-- \/ Yoast SEO plugin. -->","yoast_head_json":{"title":"Acomax Valkoinen savi - Fysiotek","robots":{"index":"index","follow":"follow","max-snippet":"max-snippet:-1","max-image-preview":"max-image-preview:large","max-video-preview":"max-video-preview:-1"},"canonical":"https:\/\/fysiotek-webbshop.se\/fi\/tuote\/acomax-valkoinen-savi\/","og_locale":"fi_FI","og_type":"article","og_title":"Acomax Valkoinen savi - Fysiotek","og_description":"Acomax- syv\u00e4puhdistava valkoinen savi on tarkoitettu imem\u00e4\u00e4n ihosta ep\u00e4puhtauksia ja luovuttamaan iholle mineraaleja ja hivenaineita. Saven avulla halutaan tasapainottaa talinerityst\u00e4 sek\u00e4 uudistaa, rauhoittaa ja vahvistaa hiuspohjan ihoa.  Acomax on suomalainen tuotesarja erilaisiin hiuspohjan ongelmiin.","og_url":"https:\/\/fysiotek-webbshop.se\/fi\/tuote\/acomax-valkoinen-savi\/","og_site_name":"Fysiotek","og_image":[{"width":637,"height":562,"url":"https:\/\/fysiotek-webbshop.se\/wp-content\/uploads\/2023\/12\/Acomax-lera.jpg","type":"image\/jpeg"}],"twitter_card":"summary_large_image","schema":{"@context":"https:\/\/schema.org","@graph":[{"@type":"WebPage","@id":"https:\/\/fysiotek-webbshop.se\/fi\/tuote\/acomax-valkoinen-savi\/","url":"https:\/\/fysiotek-webbshop.se\/fi\/tuote\/acomax-valkoinen-savi\/","name":"Acomax Valkoinen savi - Fysiotek","isPartOf":{"@id":"https:\/\/fysiotek-webbshop.se\/#website"},"primaryImageOfPage":{"@id":"https:\/\/fysiotek-webbshop.se\/fi\/tuote\/acomax-valkoinen-savi\/#primaryimage"},"image":{"@id":"https:\/\/fysiotek-webbshop.se\/fi\/tuote\/acomax-valkoinen-savi\/#primaryimage"},"thumbnailUrl":"https:\/\/fysiotek-webbshop.se\/wp-content\/uploads\/2023\/12\/Acomax-lera.jpg","datePublished":"2023-12-09T09:34:01+00:00","breadcrumb":{"@id":"https:\/\/fysiotek-webbshop.se\/fi\/tuote\/acomax-valkoinen-savi\/#breadcrumb"},"inLanguage":"fi","potentialAction":[{"@type":"ReadAction","target":["https:\/\/fysiotek-webbshop.se\/fi\/tuote\/acomax-valkoinen-savi\/"]}]},{"@type":"ImageObject","inLanguage":"fi","@id":"https:\/\/fysiotek-webbshop.se\/fi\/tuote\/acomax-valkoinen-savi\/#primaryimage","url":"https:\/\/fysiotek-webbshop.se\/wp-content\/uploads\/2023\/12\/Acomax-lera.jpg","contentUrl":"https:\/\/fysiotek-webbshop.se\/wp-content\/uploads\/2023\/12\/Acomax-lera.jpg","width":637,"height":562,"caption":"Acomax lera"},{"@type":"BreadcrumbList","@id":"https:\/\/fysiotek-webbshop.se\/fi\/tuote\/acomax-valkoinen-savi\/#breadcrumb","itemListElement":[{"@type":"ListItem","position":1,"name":"Hem","item":"https:\/\/fysiotek-webbshop.se\/fi\/"},{"@type":"ListItem","position":2,"name":"Tuotteet","item":"https:\/\/fysiotek-webbshop.se\/fi\/tuotteet\/"},{"@type":"ListItem","position":3,"name":"Acomax Valkoinen savi"}]},{"@type":"WebSite","@id":"https:\/\/fysiotek-webbshop.se\/#website","url":"https:\/\/fysiotek-webbshop.se\/","name":"Fysiotek","description":"V\u00e4lkommen till v\u00e5ran webbshop p\u00e5 Fysiotek Haparanda","publisher":{"@id":"https:\/\/fysiotek-webbshop.se\/#organization"},"potentialAction":[{"@type":"SearchAction","target":{"@type":"EntryPoint","urlTemplate":"https:\/\/fysiotek-webbshop.se\/?s={search_term_string}"},"query-input":{"@type":"PropertyValueSpecification","valueRequired":true,"valueName":"search_term_string"}}],"inLanguage":"fi"},{"@type":"Organization","@id":"https:\/\/fysiotek-webbshop.se\/#organization","name":"Fysiotek","url":"https:\/\/fysiotek-webbshop.se\/","logo":{"@type":"ImageObject","inLanguage":"fi","@id":"https:\/\/fysiotek-webbshop.se\/#\/schema\/logo\/image\/","url":"https:\/\/fysiotek-webbshop.se\/wp-content\/uploads\/2020\/09\/Logga-fysioteket.jpg","contentUrl":"https:\/\/fysiotek-webbshop.se\/wp-content\/uploads\/2020\/09\/Logga-fysioteket.jpg","width":895,"height":230,"caption":"Fysiotek"},"image":{"@id":"https:\/\/fysiotek-webbshop.se\/#\/schema\/logo\/image\/"}}]}},"_links":{"self":[{"href":"https:\/\/fysiotek-webbshop.se\/fi\/wp-json\/wp\/v2\/product\/923","targetHints":{"allow":["GET"]}}],"collection":[{"href":"https:\/\/fysiotek-webbshop.se\/fi\/wp-json\/wp\/v2\/product"}],"about":[{"href":"https:\/\/fysiotek-webbshop.se\/fi\/wp-json\/wp\/v2\/types\/product"}],"wp:featuredmedia":[{"embeddable":true,"href":"https:\/\/fysiotek-webbshop.se\/fi\/wp-json\/wp\/v2\/media\/922"}],"wp:attachment":[{"href":"https:\/\/fysiotek-webbshop.se\/fi\/wp-json\/wp\/v2\/media?parent=923"}],"wp:term":[{"taxonomy":"product_brand","embeddable":true,"href":"https:\/\/fysiotek-webbshop.se\/fi\/wp-json\/wp\/v2\/product_brand?post=923"},{"taxonomy":"product_cat","embeddable":true,"href":"https:\/\/fysiotek-webbshop.se\/fi\/wp-json\/wp\/v2\/product_cat?post=923"},{"taxonomy":"product_tag","embeddable":true,"href":"https:\/\/fysiotek-webbshop.se\/fi\/wp-json\/wp\/v2\/product_tag?post=923"}],"curies":[{"name":"wp","href":"https:\/\/api.w.org\/{rel}","templated":true}]}}