{"id":919,"date":"2023-12-09T10:24:52","date_gmt":"2023-12-09T09:24:52","guid":{"rendered":"https:\/\/fysiotek-webbshop.se\/produkt\/acomax-shampoo-ja-hoitoaine\/"},"modified":"2023-12-09T10:24:52","modified_gmt":"2023-12-09T09:24:52","slug":"acomax-shampoo-ja-hoitoaine","status":"publish","type":"product","link":"https:\/\/fysiotek-webbshop.se\/fi\/tuote\/acomax-shampoo-ja-hoitoaine\/","title":{"rendered":"Acomax Shampoo ja hoitoaine"},"content":{"rendered":"<p><strong>AINESOSAT<\/strong><br \/>\nTurve-biotiinishampoo: Aqua, Balneological Peat, Cocamidopropyl Betaine, Betaine, Glycerin, Aloe Barbadensis Leaf Juice, Lauryl Lactate, Phenoxyethanol, Biotin, Sodium Lauryl Sulfoacetate, Disodium Laureth Sulfosuccinate, Olive Oil Glycereth-8 Esters, Argania Spinosa Kernel Oil, Olus Oil, Urea, Disodium Phosphate, Citric Acid, Decylene Glycol, Caprylyl Glycol, Sodium Chloride, Parfum.<\/p>\n<p><strong>Turve-hoitoaine<\/strong>: Aqua, Cetearyl Alcohol, Dipalmitoylethyl Hydroxyethylmonium Methosulfate, Betaine, Balneological Peat, Aloe Barbadensis Leaf Juice, Caprylic\/Capric Triglyceride, Olive oil Glycereth-8 Esters, Argania Spinosa Kernel oil, Panthenol, Olus Oil, Glyceryl Stearate, Parfum, Phenoxyethanol, Decylene Glycol, Caprylyl Glycol, Lactic Acid.<\/p>\n","protected":false},"excerpt":{"rendered":"<p>Ei sulfaatteja, parabeeneja tai v\u00e4riaineita<br \/>\nSopivat p\u00e4ivitt\u00e4iseen k\u00e4ytt\u00f6\u00f6n, kaikille hiustyypeille<br \/>\nHell\u00e4varaisia \u2013 soveltuvat herkimm\u00e4llekin p\u00e4\u00e4nahalle<br \/>\n250 ml<br \/>\nVain luonnollisia ainesosia \u2013 t\u00e4ytt\u00e4v\u00e4t luonnonkosmetiikan kriteerit<br \/>\nEi testattu el\u00e4imill\u00e4<\/p>\n","protected":false},"featured_media":918,"template":"","meta":{"_acf_changed":false},"product_brand":[],"product_cat":[75,73],"product_tag":[],"class_list":{"0":"post-919","1":"product","2":"type-product","3":"status-publish","4":"has-post-thumbnail","6":"product_cat-acomax-fi","7":"product_cat-hiustenlahto","9":"first","10":"instock","11":"taxable","12":"shipping-taxable","13":"purchasable","14":"product-type-simple"},"acf":[],"yoast_head":"<!-- This site is optimized with the Yoast SEO plugin v27.3 - https:\/\/yoast.com\/product\/yoast-seo-wordpress\/ -->\n<title>Acomax Shampoo ja hoitoaine - Fysiotek<\/title>\n<meta name=\"robots\" content=\"index, follow, max-snippet:-1, max-image-preview:large, max-video-preview:-1\" \/>\n<link rel=\"canonical\" href=\"https:\/\/fysiotek-webbshop.se\/fi\/tuote\/acomax-shampoo-ja-hoitoaine\/\" \/>\n<meta property=\"og:locale\" content=\"fi_FI\" \/>\n<meta property=\"og:type\" content=\"article\" \/>\n<meta property=\"og:title\" content=\"Acomax Shampoo ja hoitoaine - Fysiotek\" \/>\n<meta property=\"og:description\" content=\"Ei sulfaatteja, parabeeneja tai v\u00e4riaineita Sopivat p\u00e4ivitt\u00e4iseen k\u00e4ytt\u00f6\u00f6n, kaikille hiustyypeille Hell\u00e4varaisia \u2013 soveltuvat herkimm\u00e4llekin p\u00e4\u00e4nahalle 250 ml Vain luonnollisia ainesosia \u2013 t\u00e4ytt\u00e4v\u00e4t luonnonkosmetiikan kriteerit Ei testattu el\u00e4imill\u00e4\" \/>\n<meta property=\"og:url\" content=\"https:\/\/fysiotek-webbshop.se\/fi\/tuote\/acomax-shampoo-ja-hoitoaine\/\" \/>\n<meta property=\"og:site_name\" content=\"Fysiotek\" \/>\n<meta property=\"og:image\" content=\"https:\/\/fysiotek-webbshop.se\/wp-content\/uploads\/2023\/12\/acomax-shampoo-balsam.jpg\" \/>\n\t<meta property=\"og:image:width\" content=\"397\" \/>\n\t<meta property=\"og:image:height\" content=\"421\" \/>\n\t<meta property=\"og:image:type\" content=\"image\/jpeg\" \/>\n<meta name=\"twitter:card\" content=\"summary_large_image\" \/>\n<script type=\"application\/ld+json\" class=\"yoast-schema-graph\">{\"@context\":\"https:\\\/\\\/schema.org\",\"@graph\":[{\"@type\":\"WebPage\",\"@id\":\"https:\\\/\\\/fysiotek-webbshop.se\\\/fi\\\/tuote\\\/acomax-shampoo-ja-hoitoaine\\\/\",\"url\":\"https:\\\/\\\/fysiotek-webbshop.se\\\/fi\\\/tuote\\\/acomax-shampoo-ja-hoitoaine\\\/\",\"name\":\"Acomax Shampoo ja hoitoaine - Fysiotek\",\"isPartOf\":{\"@id\":\"https:\\\/\\\/fysiotek-webbshop.se\\\/#website\"},\"primaryImageOfPage\":{\"@id\":\"https:\\\/\\\/fysiotek-webbshop.se\\\/fi\\\/tuote\\\/acomax-shampoo-ja-hoitoaine\\\/#primaryimage\"},\"image\":{\"@id\":\"https:\\\/\\\/fysiotek-webbshop.se\\\/fi\\\/tuote\\\/acomax-shampoo-ja-hoitoaine\\\/#primaryimage\"},\"thumbnailUrl\":\"https:\\\/\\\/fysiotek-webbshop.se\\\/wp-content\\\/uploads\\\/2023\\\/12\\\/acomax-shampoo-balsam.jpg\",\"datePublished\":\"2023-12-09T09:24:52+00:00\",\"breadcrumb\":{\"@id\":\"https:\\\/\\\/fysiotek-webbshop.se\\\/fi\\\/tuote\\\/acomax-shampoo-ja-hoitoaine\\\/#breadcrumb\"},\"inLanguage\":\"fi\",\"potentialAction\":[{\"@type\":\"ReadAction\",\"target\":[\"https:\\\/\\\/fysiotek-webbshop.se\\\/fi\\\/tuote\\\/acomax-shampoo-ja-hoitoaine\\\/\"]}]},{\"@type\":\"ImageObject\",\"inLanguage\":\"fi\",\"@id\":\"https:\\\/\\\/fysiotek-webbshop.se\\\/fi\\\/tuote\\\/acomax-shampoo-ja-hoitoaine\\\/#primaryimage\",\"url\":\"https:\\\/\\\/fysiotek-webbshop.se\\\/wp-content\\\/uploads\\\/2023\\\/12\\\/acomax-shampoo-balsam.jpg\",\"contentUrl\":\"https:\\\/\\\/fysiotek-webbshop.se\\\/wp-content\\\/uploads\\\/2023\\\/12\\\/acomax-shampoo-balsam.jpg\",\"width\":397,\"height\":421,\"caption\":\"acomax shampoo balsam\"},{\"@type\":\"BreadcrumbList\",\"@id\":\"https:\\\/\\\/fysiotek-webbshop.se\\\/fi\\\/tuote\\\/acomax-shampoo-ja-hoitoaine\\\/#breadcrumb\",\"itemListElement\":[{\"@type\":\"ListItem\",\"position\":1,\"name\":\"Hem\",\"item\":\"https:\\\/\\\/fysiotek-webbshop.se\\\/fi\\\/\"},{\"@type\":\"ListItem\",\"position\":2,\"name\":\"Tuotteet\",\"item\":\"https:\\\/\\\/fysiotek-webbshop.se\\\/fi\\\/tuotteet\\\/\"},{\"@type\":\"ListItem\",\"position\":3,\"name\":\"Acomax Shampoo ja hoitoaine\"}]},{\"@type\":\"WebSite\",\"@id\":\"https:\\\/\\\/fysiotek-webbshop.se\\\/#website\",\"url\":\"https:\\\/\\\/fysiotek-webbshop.se\\\/\",\"name\":\"Fysiotek\",\"description\":\"V\u00e4lkommen till v\u00e5ran webbshop p\u00e5 Fysiotek Haparanda\",\"publisher\":{\"@id\":\"https:\\\/\\\/fysiotek-webbshop.se\\\/#organization\"},\"potentialAction\":[{\"@type\":\"SearchAction\",\"target\":{\"@type\":\"EntryPoint\",\"urlTemplate\":\"https:\\\/\\\/fysiotek-webbshop.se\\\/?s={search_term_string}\"},\"query-input\":{\"@type\":\"PropertyValueSpecification\",\"valueRequired\":true,\"valueName\":\"search_term_string\"}}],\"inLanguage\":\"fi\"},{\"@type\":\"Organization\",\"@id\":\"https:\\\/\\\/fysiotek-webbshop.se\\\/#organization\",\"name\":\"Fysiotek\",\"url\":\"https:\\\/\\\/fysiotek-webbshop.se\\\/\",\"logo\":{\"@type\":\"ImageObject\",\"inLanguage\":\"fi\",\"@id\":\"https:\\\/\\\/fysiotek-webbshop.se\\\/#\\\/schema\\\/logo\\\/image\\\/\",\"url\":\"https:\\\/\\\/fysiotek-webbshop.se\\\/wp-content\\\/uploads\\\/2020\\\/09\\\/Logga-fysioteket.jpg\",\"contentUrl\":\"https:\\\/\\\/fysiotek-webbshop.se\\\/wp-content\\\/uploads\\\/2020\\\/09\\\/Logga-fysioteket.jpg\",\"width\":895,\"height\":230,\"caption\":\"Fysiotek\"},\"image\":{\"@id\":\"https:\\\/\\\/fysiotek-webbshop.se\\\/#\\\/schema\\\/logo\\\/image\\\/\"}}]}<\/script>\n<!-- \/ Yoast SEO plugin. -->","yoast_head_json":{"title":"Acomax Shampoo ja hoitoaine - Fysiotek","robots":{"index":"index","follow":"follow","max-snippet":"max-snippet:-1","max-image-preview":"max-image-preview:large","max-video-preview":"max-video-preview:-1"},"canonical":"https:\/\/fysiotek-webbshop.se\/fi\/tuote\/acomax-shampoo-ja-hoitoaine\/","og_locale":"fi_FI","og_type":"article","og_title":"Acomax Shampoo ja hoitoaine - Fysiotek","og_description":"Ei sulfaatteja, parabeeneja tai v\u00e4riaineita Sopivat p\u00e4ivitt\u00e4iseen k\u00e4ytt\u00f6\u00f6n, kaikille hiustyypeille Hell\u00e4varaisia \u2013 soveltuvat herkimm\u00e4llekin p\u00e4\u00e4nahalle 250 ml Vain luonnollisia ainesosia \u2013 t\u00e4ytt\u00e4v\u00e4t luonnonkosmetiikan kriteerit Ei testattu el\u00e4imill\u00e4","og_url":"https:\/\/fysiotek-webbshop.se\/fi\/tuote\/acomax-shampoo-ja-hoitoaine\/","og_site_name":"Fysiotek","og_image":[{"width":397,"height":421,"url":"https:\/\/fysiotek-webbshop.se\/wp-content\/uploads\/2023\/12\/acomax-shampoo-balsam.jpg","type":"image\/jpeg"}],"twitter_card":"summary_large_image","schema":{"@context":"https:\/\/schema.org","@graph":[{"@type":"WebPage","@id":"https:\/\/fysiotek-webbshop.se\/fi\/tuote\/acomax-shampoo-ja-hoitoaine\/","url":"https:\/\/fysiotek-webbshop.se\/fi\/tuote\/acomax-shampoo-ja-hoitoaine\/","name":"Acomax Shampoo ja hoitoaine - Fysiotek","isPartOf":{"@id":"https:\/\/fysiotek-webbshop.se\/#website"},"primaryImageOfPage":{"@id":"https:\/\/fysiotek-webbshop.se\/fi\/tuote\/acomax-shampoo-ja-hoitoaine\/#primaryimage"},"image":{"@id":"https:\/\/fysiotek-webbshop.se\/fi\/tuote\/acomax-shampoo-ja-hoitoaine\/#primaryimage"},"thumbnailUrl":"https:\/\/fysiotek-webbshop.se\/wp-content\/uploads\/2023\/12\/acomax-shampoo-balsam.jpg","datePublished":"2023-12-09T09:24:52+00:00","breadcrumb":{"@id":"https:\/\/fysiotek-webbshop.se\/fi\/tuote\/acomax-shampoo-ja-hoitoaine\/#breadcrumb"},"inLanguage":"fi","potentialAction":[{"@type":"ReadAction","target":["https:\/\/fysiotek-webbshop.se\/fi\/tuote\/acomax-shampoo-ja-hoitoaine\/"]}]},{"@type":"ImageObject","inLanguage":"fi","@id":"https:\/\/fysiotek-webbshop.se\/fi\/tuote\/acomax-shampoo-ja-hoitoaine\/#primaryimage","url":"https:\/\/fysiotek-webbshop.se\/wp-content\/uploads\/2023\/12\/acomax-shampoo-balsam.jpg","contentUrl":"https:\/\/fysiotek-webbshop.se\/wp-content\/uploads\/2023\/12\/acomax-shampoo-balsam.jpg","width":397,"height":421,"caption":"acomax shampoo balsam"},{"@type":"BreadcrumbList","@id":"https:\/\/fysiotek-webbshop.se\/fi\/tuote\/acomax-shampoo-ja-hoitoaine\/#breadcrumb","itemListElement":[{"@type":"ListItem","position":1,"name":"Hem","item":"https:\/\/fysiotek-webbshop.se\/fi\/"},{"@type":"ListItem","position":2,"name":"Tuotteet","item":"https:\/\/fysiotek-webbshop.se\/fi\/tuotteet\/"},{"@type":"ListItem","position":3,"name":"Acomax Shampoo ja hoitoaine"}]},{"@type":"WebSite","@id":"https:\/\/fysiotek-webbshop.se\/#website","url":"https:\/\/fysiotek-webbshop.se\/","name":"Fysiotek","description":"V\u00e4lkommen till v\u00e5ran webbshop p\u00e5 Fysiotek Haparanda","publisher":{"@id":"https:\/\/fysiotek-webbshop.se\/#organization"},"potentialAction":[{"@type":"SearchAction","target":{"@type":"EntryPoint","urlTemplate":"https:\/\/fysiotek-webbshop.se\/?s={search_term_string}"},"query-input":{"@type":"PropertyValueSpecification","valueRequired":true,"valueName":"search_term_string"}}],"inLanguage":"fi"},{"@type":"Organization","@id":"https:\/\/fysiotek-webbshop.se\/#organization","name":"Fysiotek","url":"https:\/\/fysiotek-webbshop.se\/","logo":{"@type":"ImageObject","inLanguage":"fi","@id":"https:\/\/fysiotek-webbshop.se\/#\/schema\/logo\/image\/","url":"https:\/\/fysiotek-webbshop.se\/wp-content\/uploads\/2020\/09\/Logga-fysioteket.jpg","contentUrl":"https:\/\/fysiotek-webbshop.se\/wp-content\/uploads\/2020\/09\/Logga-fysioteket.jpg","width":895,"height":230,"caption":"Fysiotek"},"image":{"@id":"https:\/\/fysiotek-webbshop.se\/#\/schema\/logo\/image\/"}}]}},"_links":{"self":[{"href":"https:\/\/fysiotek-webbshop.se\/fi\/wp-json\/wp\/v2\/product\/919","targetHints":{"allow":["GET"]}}],"collection":[{"href":"https:\/\/fysiotek-webbshop.se\/fi\/wp-json\/wp\/v2\/product"}],"about":[{"href":"https:\/\/fysiotek-webbshop.se\/fi\/wp-json\/wp\/v2\/types\/product"}],"wp:featuredmedia":[{"embeddable":true,"href":"https:\/\/fysiotek-webbshop.se\/fi\/wp-json\/wp\/v2\/media\/918"}],"wp:attachment":[{"href":"https:\/\/fysiotek-webbshop.se\/fi\/wp-json\/wp\/v2\/media?parent=919"}],"wp:term":[{"taxonomy":"product_brand","embeddable":true,"href":"https:\/\/fysiotek-webbshop.se\/fi\/wp-json\/wp\/v2\/product_brand?post=919"},{"taxonomy":"product_cat","embeddable":true,"href":"https:\/\/fysiotek-webbshop.se\/fi\/wp-json\/wp\/v2\/product_cat?post=919"},{"taxonomy":"product_tag","embeddable":true,"href":"https:\/\/fysiotek-webbshop.se\/fi\/wp-json\/wp\/v2\/product_tag?post=919"}],"curies":[{"name":"wp","href":"https:\/\/api.w.org\/{rel}","templated":true}]}}