{"id":710,"date":"2020-09-17T10:35:08","date_gmt":"2020-09-17T08:35:08","guid":{"rendered":"https:\/\/fysiotek-webbshop.se\/produkt\/medium-olive\/"},"modified":"2020-09-17T10:35:08","modified_gmt":"2020-09-17T08:35:08","slug":"medium-olive","status":"publish","type":"product","link":"https:\/\/fysiotek-webbshop.se\/fi\/tuote\/medium-olive\/","title":{"rendered":"Medium Olive"},"content":{"rendered":"","protected":false},"excerpt":{"rendered":"<p>Ainesosat JOE BLASCO FOUNDATION<br \/>\nPetroleum, Dioctyl Adipate, Octyl Strearate, Carnauba Wax, Octyl Palmitate, Iron Oxides, Titanium Dioxide, Beeswax Cera Alba, Corn Oil, Talc, Butyl Paraben, Polyethylene Glycol, Tocopheryl Acetate, Ascorbyl Palmitate, Citric Acid, Ascorbic Acid, Ultramarine Blue, Chromium Hydroxide Green.<\/p>\n","protected":false},"featured_media":230,"template":"","meta":{"_acf_changed":false},"product_brand":[],"product_cat":[55,54],"product_tag":[],"class_list":{"0":"post-710","1":"product","2":"type-product","3":"status-publish","4":"has-post-thumbnail","6":"product_cat-foundation-fi","7":"product_cat-joe-blasco-cosmetics-fi","9":"first","10":"outofstock","11":"taxable","12":"shipping-taxable","13":"purchasable","14":"product-type-simple"},"acf":[],"yoast_head":"<!-- This site is optimized with the Yoast SEO plugin v27.3 - https:\/\/yoast.com\/product\/yoast-seo-wordpress\/ -->\n<title>Medium Olive - Fysiotek<\/title>\n<meta name=\"robots\" content=\"index, follow, max-snippet:-1, max-image-preview:large, max-video-preview:-1\" \/>\n<link rel=\"canonical\" href=\"https:\/\/fysiotek-webbshop.se\/fi\/tuote\/medium-olive\/\" \/>\n<meta property=\"og:locale\" content=\"fi_FI\" \/>\n<meta property=\"og:type\" content=\"article\" \/>\n<meta property=\"og:title\" content=\"Medium Olive - Fysiotek\" \/>\n<meta property=\"og:description\" content=\"Ainesosat JOE BLASCO FOUNDATION Petroleum, Dioctyl Adipate, Octyl Strearate, Carnauba Wax, Octyl Palmitate, Iron Oxides, Titanium Dioxide, Beeswax Cera Alba, Corn Oil, Talc, Butyl Paraben, Polyethylene Glycol, Tocopheryl Acetate, Ascorbyl Palmitate, Citric Acid, Ascorbic Acid, Ultramarine Blue, Chromium Hydroxide Green.\" \/>\n<meta property=\"og:url\" content=\"https:\/\/fysiotek-webbshop.se\/fi\/tuote\/medium-olive\/\" \/>\n<meta property=\"og:site_name\" content=\"Fysiotek\" \/>\n<meta property=\"og:image\" content=\"https:\/\/fysiotek-webbshop.se\/wp-content\/uploads\/2020\/09\/joeblasco.jpg\" \/>\n\t<meta property=\"og:image:width\" content=\"1280\" \/>\n\t<meta property=\"og:image:height\" content=\"1280\" \/>\n\t<meta property=\"og:image:type\" content=\"image\/jpeg\" \/>\n<meta name=\"twitter:card\" content=\"summary_large_image\" \/>\n<script type=\"application\/ld+json\" class=\"yoast-schema-graph\">{\"@context\":\"https:\\\/\\\/schema.org\",\"@graph\":[{\"@type\":\"WebPage\",\"@id\":\"https:\\\/\\\/fysiotek-webbshop.se\\\/fi\\\/tuote\\\/medium-olive\\\/\",\"url\":\"https:\\\/\\\/fysiotek-webbshop.se\\\/fi\\\/tuote\\\/medium-olive\\\/\",\"name\":\"Medium Olive - Fysiotek\",\"isPartOf\":{\"@id\":\"https:\\\/\\\/fysiotek-webbshop.se\\\/#website\"},\"primaryImageOfPage\":{\"@id\":\"https:\\\/\\\/fysiotek-webbshop.se\\\/fi\\\/tuote\\\/medium-olive\\\/#primaryimage\"},\"image\":{\"@id\":\"https:\\\/\\\/fysiotek-webbshop.se\\\/fi\\\/tuote\\\/medium-olive\\\/#primaryimage\"},\"thumbnailUrl\":\"https:\\\/\\\/fysiotek-webbshop.se\\\/wp-content\\\/uploads\\\/2020\\\/09\\\/joeblasco.jpg\",\"datePublished\":\"2020-09-17T08:35:08+00:00\",\"breadcrumb\":{\"@id\":\"https:\\\/\\\/fysiotek-webbshop.se\\\/fi\\\/tuote\\\/medium-olive\\\/#breadcrumb\"},\"inLanguage\":\"fi\",\"potentialAction\":[{\"@type\":\"ReadAction\",\"target\":[\"https:\\\/\\\/fysiotek-webbshop.se\\\/fi\\\/tuote\\\/medium-olive\\\/\"]}]},{\"@type\":\"ImageObject\",\"inLanguage\":\"fi\",\"@id\":\"https:\\\/\\\/fysiotek-webbshop.se\\\/fi\\\/tuote\\\/medium-olive\\\/#primaryimage\",\"url\":\"https:\\\/\\\/fysiotek-webbshop.se\\\/wp-content\\\/uploads\\\/2020\\\/09\\\/joeblasco.jpg\",\"contentUrl\":\"https:\\\/\\\/fysiotek-webbshop.se\\\/wp-content\\\/uploads\\\/2020\\\/09\\\/joeblasco.jpg\",\"width\":1280,\"height\":1280},{\"@type\":\"BreadcrumbList\",\"@id\":\"https:\\\/\\\/fysiotek-webbshop.se\\\/fi\\\/tuote\\\/medium-olive\\\/#breadcrumb\",\"itemListElement\":[{\"@type\":\"ListItem\",\"position\":1,\"name\":\"Hem\",\"item\":\"https:\\\/\\\/fysiotek-webbshop.se\\\/fi\\\/\"},{\"@type\":\"ListItem\",\"position\":2,\"name\":\"Tuotteet\",\"item\":\"https:\\\/\\\/fysiotek-webbshop.se\\\/fi\\\/tuotteet\\\/\"},{\"@type\":\"ListItem\",\"position\":3,\"name\":\"Medium Olive\"}]},{\"@type\":\"WebSite\",\"@id\":\"https:\\\/\\\/fysiotek-webbshop.se\\\/#website\",\"url\":\"https:\\\/\\\/fysiotek-webbshop.se\\\/\",\"name\":\"Fysiotek\",\"description\":\"V\u00e4lkommen till v\u00e5ran webbshop p\u00e5 Fysiotek Haparanda\",\"publisher\":{\"@id\":\"https:\\\/\\\/fysiotek-webbshop.se\\\/#organization\"},\"potentialAction\":[{\"@type\":\"SearchAction\",\"target\":{\"@type\":\"EntryPoint\",\"urlTemplate\":\"https:\\\/\\\/fysiotek-webbshop.se\\\/?s={search_term_string}\"},\"query-input\":{\"@type\":\"PropertyValueSpecification\",\"valueRequired\":true,\"valueName\":\"search_term_string\"}}],\"inLanguage\":\"fi\"},{\"@type\":\"Organization\",\"@id\":\"https:\\\/\\\/fysiotek-webbshop.se\\\/#organization\",\"name\":\"Fysiotek\",\"url\":\"https:\\\/\\\/fysiotek-webbshop.se\\\/\",\"logo\":{\"@type\":\"ImageObject\",\"inLanguage\":\"fi\",\"@id\":\"https:\\\/\\\/fysiotek-webbshop.se\\\/#\\\/schema\\\/logo\\\/image\\\/\",\"url\":\"https:\\\/\\\/fysiotek-webbshop.se\\\/wp-content\\\/uploads\\\/2020\\\/09\\\/Logga-fysioteket.jpg\",\"contentUrl\":\"https:\\\/\\\/fysiotek-webbshop.se\\\/wp-content\\\/uploads\\\/2020\\\/09\\\/Logga-fysioteket.jpg\",\"width\":895,\"height\":230,\"caption\":\"Fysiotek\"},\"image\":{\"@id\":\"https:\\\/\\\/fysiotek-webbshop.se\\\/#\\\/schema\\\/logo\\\/image\\\/\"}}]}<\/script>\n<!-- \/ Yoast SEO plugin. -->","yoast_head_json":{"title":"Medium Olive - Fysiotek","robots":{"index":"index","follow":"follow","max-snippet":"max-snippet:-1","max-image-preview":"max-image-preview:large","max-video-preview":"max-video-preview:-1"},"canonical":"https:\/\/fysiotek-webbshop.se\/fi\/tuote\/medium-olive\/","og_locale":"fi_FI","og_type":"article","og_title":"Medium Olive - Fysiotek","og_description":"Ainesosat JOE BLASCO FOUNDATION Petroleum, Dioctyl Adipate, Octyl Strearate, Carnauba Wax, Octyl Palmitate, Iron Oxides, Titanium Dioxide, Beeswax Cera Alba, Corn Oil, Talc, Butyl Paraben, Polyethylene Glycol, Tocopheryl Acetate, Ascorbyl Palmitate, Citric Acid, Ascorbic Acid, Ultramarine Blue, Chromium Hydroxide Green.","og_url":"https:\/\/fysiotek-webbshop.se\/fi\/tuote\/medium-olive\/","og_site_name":"Fysiotek","og_image":[{"width":1280,"height":1280,"url":"https:\/\/fysiotek-webbshop.se\/wp-content\/uploads\/2020\/09\/joeblasco.jpg","type":"image\/jpeg"}],"twitter_card":"summary_large_image","schema":{"@context":"https:\/\/schema.org","@graph":[{"@type":"WebPage","@id":"https:\/\/fysiotek-webbshop.se\/fi\/tuote\/medium-olive\/","url":"https:\/\/fysiotek-webbshop.se\/fi\/tuote\/medium-olive\/","name":"Medium Olive - Fysiotek","isPartOf":{"@id":"https:\/\/fysiotek-webbshop.se\/#website"},"primaryImageOfPage":{"@id":"https:\/\/fysiotek-webbshop.se\/fi\/tuote\/medium-olive\/#primaryimage"},"image":{"@id":"https:\/\/fysiotek-webbshop.se\/fi\/tuote\/medium-olive\/#primaryimage"},"thumbnailUrl":"https:\/\/fysiotek-webbshop.se\/wp-content\/uploads\/2020\/09\/joeblasco.jpg","datePublished":"2020-09-17T08:35:08+00:00","breadcrumb":{"@id":"https:\/\/fysiotek-webbshop.se\/fi\/tuote\/medium-olive\/#breadcrumb"},"inLanguage":"fi","potentialAction":[{"@type":"ReadAction","target":["https:\/\/fysiotek-webbshop.se\/fi\/tuote\/medium-olive\/"]}]},{"@type":"ImageObject","inLanguage":"fi","@id":"https:\/\/fysiotek-webbshop.se\/fi\/tuote\/medium-olive\/#primaryimage","url":"https:\/\/fysiotek-webbshop.se\/wp-content\/uploads\/2020\/09\/joeblasco.jpg","contentUrl":"https:\/\/fysiotek-webbshop.se\/wp-content\/uploads\/2020\/09\/joeblasco.jpg","width":1280,"height":1280},{"@type":"BreadcrumbList","@id":"https:\/\/fysiotek-webbshop.se\/fi\/tuote\/medium-olive\/#breadcrumb","itemListElement":[{"@type":"ListItem","position":1,"name":"Hem","item":"https:\/\/fysiotek-webbshop.se\/fi\/"},{"@type":"ListItem","position":2,"name":"Tuotteet","item":"https:\/\/fysiotek-webbshop.se\/fi\/tuotteet\/"},{"@type":"ListItem","position":3,"name":"Medium Olive"}]},{"@type":"WebSite","@id":"https:\/\/fysiotek-webbshop.se\/#website","url":"https:\/\/fysiotek-webbshop.se\/","name":"Fysiotek","description":"V\u00e4lkommen till v\u00e5ran webbshop p\u00e5 Fysiotek Haparanda","publisher":{"@id":"https:\/\/fysiotek-webbshop.se\/#organization"},"potentialAction":[{"@type":"SearchAction","target":{"@type":"EntryPoint","urlTemplate":"https:\/\/fysiotek-webbshop.se\/?s={search_term_string}"},"query-input":{"@type":"PropertyValueSpecification","valueRequired":true,"valueName":"search_term_string"}}],"inLanguage":"fi"},{"@type":"Organization","@id":"https:\/\/fysiotek-webbshop.se\/#organization","name":"Fysiotek","url":"https:\/\/fysiotek-webbshop.se\/","logo":{"@type":"ImageObject","inLanguage":"fi","@id":"https:\/\/fysiotek-webbshop.se\/#\/schema\/logo\/image\/","url":"https:\/\/fysiotek-webbshop.se\/wp-content\/uploads\/2020\/09\/Logga-fysioteket.jpg","contentUrl":"https:\/\/fysiotek-webbshop.se\/wp-content\/uploads\/2020\/09\/Logga-fysioteket.jpg","width":895,"height":230,"caption":"Fysiotek"},"image":{"@id":"https:\/\/fysiotek-webbshop.se\/#\/schema\/logo\/image\/"}}]}},"_links":{"self":[{"href":"https:\/\/fysiotek-webbshop.se\/fi\/wp-json\/wp\/v2\/product\/710","targetHints":{"allow":["GET"]}}],"collection":[{"href":"https:\/\/fysiotek-webbshop.se\/fi\/wp-json\/wp\/v2\/product"}],"about":[{"href":"https:\/\/fysiotek-webbshop.se\/fi\/wp-json\/wp\/v2\/types\/product"}],"wp:featuredmedia":[{"embeddable":true,"href":"https:\/\/fysiotek-webbshop.se\/fi\/wp-json\/wp\/v2\/media\/230"}],"wp:attachment":[{"href":"https:\/\/fysiotek-webbshop.se\/fi\/wp-json\/wp\/v2\/media?parent=710"}],"wp:term":[{"taxonomy":"product_brand","embeddable":true,"href":"https:\/\/fysiotek-webbshop.se\/fi\/wp-json\/wp\/v2\/product_brand?post=710"},{"taxonomy":"product_cat","embeddable":true,"href":"https:\/\/fysiotek-webbshop.se\/fi\/wp-json\/wp\/v2\/product_cat?post=710"},{"taxonomy":"product_tag","embeddable":true,"href":"https:\/\/fysiotek-webbshop.se\/fi\/wp-json\/wp\/v2\/product_tag?post=710"}],"curies":[{"name":"wp","href":"https:\/\/api.w.org\/{rel}","templated":true}]}}