{"id":354,"date":"2020-09-07T18:39:39","date_gmt":"2020-09-07T16:39:39","guid":{"rendered":"https:\/\/fysiotek-webbshop.se\/produkt\/btb13-pro-age-seerumi-30ml\/"},"modified":"2020-09-07T18:39:39","modified_gmt":"2020-09-07T16:39:39","slug":"btb13-pro-age-seerumi-30ml","status":"publish","type":"product","link":"https:\/\/fysiotek-webbshop.se\/fi\/tuote\/btb13-pro-age-seerumi-30ml\/","title":{"rendered":"BTB13 Pro-Age Seerumi 30ml"},"content":{"rendered":"","protected":false},"excerpt":{"rendered":"<p>BTB13 Pro-Age Seerumi on Pro-Age-hoitolinjan t\u00e4rkein tuote. Sen s\u00e4\u00e4nn\u00f6llisell\u00e4 k\u00e4yt\u00f6ll\u00e4 saadaan aikaan h\u00e4mm\u00e4stytt\u00e4vi\u00e4 tuloksia. Vaikutukset perustuvat BTB13-yhdisteen l-karnitiiniin (BT) ja oroottihappoon (B13), joita on ihossa itsessa\u00e4\u00e4nkin, mutta niiden m\u00e4\u00e4r\u00e4 v\u00e4henee i\u00e4n my\u00f6t\u00e4.<\/p>\n<p>BTB13-yhdiste aktivoi ja energisoi ihosoluja ja sen sis\u00e4lt\u00e4m\u00e4\u00e4 oroottihappoa tarvitaan ihon uusiutumisessa. Uusi Pro-Age seerumi tuoksuu raikkaasti ja hennosti inkiv\u00e4\u00e4\u00e4rille.<\/p>\n","protected":false},"featured_media":372,"template":"","meta":{"_acf_changed":false},"product_brand":[],"product_cat":[48,51],"product_tag":[],"class_list":{"0":"post-354","1":"product","2":"type-product","3":"status-publish","4":"has-post-thumbnail","6":"product_cat-btb13-fi","7":"product_cat-proage-fi","9":"first","10":"instock","11":"taxable","12":"shipping-taxable","13":"purchasable","14":"product-type-simple"},"acf":[],"yoast_head":"<!-- This site is optimized with the Yoast SEO plugin v27.3 - https:\/\/yoast.com\/product\/yoast-seo-wordpress\/ -->\n<title>BTB13 Pro-Age Seerumi 30ml - Fysiotek<\/title>\n<meta name=\"robots\" content=\"index, follow, max-snippet:-1, max-image-preview:large, max-video-preview:-1\" \/>\n<link rel=\"canonical\" href=\"https:\/\/fysiotek-webbshop.se\/fi\/tuote\/btb13-pro-age-seerumi-30ml\/\" \/>\n<meta property=\"og:locale\" content=\"fi_FI\" \/>\n<meta property=\"og:type\" content=\"article\" \/>\n<meta property=\"og:title\" content=\"BTB13 Pro-Age Seerumi 30ml - Fysiotek\" \/>\n<meta property=\"og:description\" content=\"BTB13 Pro-Age Seerumi on Pro-Age-hoitolinjan t\u00e4rkein tuote. Sen s\u00e4\u00e4nn\u00f6llisell\u00e4 k\u00e4yt\u00f6ll\u00e4 saadaan aikaan h\u00e4mm\u00e4stytt\u00e4vi\u00e4 tuloksia. Vaikutukset perustuvat BTB13-yhdisteen l-karnitiiniin (BT) ja oroottihappoon (B13), joita on ihossa itsessa\u00e4\u00e4nkin, mutta niiden m\u00e4\u00e4r\u00e4 v\u00e4henee i\u00e4n my\u00f6t\u00e4.  BTB13-yhdiste aktivoi ja energisoi ihosoluja ja sen sis\u00e4lt\u00e4m\u00e4\u00e4 oroottihappoa tarvitaan ihon uusiutumisessa. Uusi Pro-Age seerumi tuoksuu raikkaasti ja hennosti inkiv\u00e4\u00e4\u00e4rille.\" \/>\n<meta property=\"og:url\" content=\"https:\/\/fysiotek-webbshop.se\/fi\/tuote\/btb13-pro-age-seerumi-30ml\/\" \/>\n<meta property=\"og:site_name\" content=\"Fysiotek\" \/>\n<meta property=\"og:image\" content=\"https:\/\/fysiotek-webbshop.se\/wp-content\/uploads\/2020\/09\/BTB13_Pro-Age_Firming_Serum.jpg\" \/>\n\t<meta property=\"og:image:width\" content=\"1200\" \/>\n\t<meta property=\"og:image:height\" content=\"1200\" \/>\n\t<meta property=\"og:image:type\" content=\"image\/jpeg\" \/>\n<meta name=\"twitter:card\" content=\"summary_large_image\" \/>\n<script type=\"application\/ld+json\" class=\"yoast-schema-graph\">{\"@context\":\"https:\\\/\\\/schema.org\",\"@graph\":[{\"@type\":\"WebPage\",\"@id\":\"https:\\\/\\\/fysiotek-webbshop.se\\\/fi\\\/tuote\\\/btb13-pro-age-seerumi-30ml\\\/\",\"url\":\"https:\\\/\\\/fysiotek-webbshop.se\\\/fi\\\/tuote\\\/btb13-pro-age-seerumi-30ml\\\/\",\"name\":\"BTB13 Pro-Age Seerumi 30ml - Fysiotek\",\"isPartOf\":{\"@id\":\"https:\\\/\\\/fysiotek-webbshop.se\\\/#website\"},\"primaryImageOfPage\":{\"@id\":\"https:\\\/\\\/fysiotek-webbshop.se\\\/fi\\\/tuote\\\/btb13-pro-age-seerumi-30ml\\\/#primaryimage\"},\"image\":{\"@id\":\"https:\\\/\\\/fysiotek-webbshop.se\\\/fi\\\/tuote\\\/btb13-pro-age-seerumi-30ml\\\/#primaryimage\"},\"thumbnailUrl\":\"https:\\\/\\\/fysiotek-webbshop.se\\\/wp-content\\\/uploads\\\/2020\\\/09\\\/BTB13_Pro-Age_Firming_Serum.jpg\",\"datePublished\":\"2020-09-07T16:39:39+00:00\",\"breadcrumb\":{\"@id\":\"https:\\\/\\\/fysiotek-webbshop.se\\\/fi\\\/tuote\\\/btb13-pro-age-seerumi-30ml\\\/#breadcrumb\"},\"inLanguage\":\"fi\",\"potentialAction\":[{\"@type\":\"ReadAction\",\"target\":[\"https:\\\/\\\/fysiotek-webbshop.se\\\/fi\\\/tuote\\\/btb13-pro-age-seerumi-30ml\\\/\"]}]},{\"@type\":\"ImageObject\",\"inLanguage\":\"fi\",\"@id\":\"https:\\\/\\\/fysiotek-webbshop.se\\\/fi\\\/tuote\\\/btb13-pro-age-seerumi-30ml\\\/#primaryimage\",\"url\":\"https:\\\/\\\/fysiotek-webbshop.se\\\/wp-content\\\/uploads\\\/2020\\\/09\\\/BTB13_Pro-Age_Firming_Serum.jpg\",\"contentUrl\":\"https:\\\/\\\/fysiotek-webbshop.se\\\/wp-content\\\/uploads\\\/2020\\\/09\\\/BTB13_Pro-Age_Firming_Serum.jpg\",\"width\":1200,\"height\":1200},{\"@type\":\"BreadcrumbList\",\"@id\":\"https:\\\/\\\/fysiotek-webbshop.se\\\/fi\\\/tuote\\\/btb13-pro-age-seerumi-30ml\\\/#breadcrumb\",\"itemListElement\":[{\"@type\":\"ListItem\",\"position\":1,\"name\":\"Hem\",\"item\":\"https:\\\/\\\/fysiotek-webbshop.se\\\/fi\\\/\"},{\"@type\":\"ListItem\",\"position\":2,\"name\":\"Tuotteet\",\"item\":\"https:\\\/\\\/fysiotek-webbshop.se\\\/fi\\\/tuotteet\\\/\"},{\"@type\":\"ListItem\",\"position\":3,\"name\":\"BTB13 Pro-Age Seerumi 30ml\"}]},{\"@type\":\"WebSite\",\"@id\":\"https:\\\/\\\/fysiotek-webbshop.se\\\/#website\",\"url\":\"https:\\\/\\\/fysiotek-webbshop.se\\\/\",\"name\":\"Fysiotek\",\"description\":\"V\u00e4lkommen till v\u00e5ran webbshop p\u00e5 Fysiotek Haparanda\",\"publisher\":{\"@id\":\"https:\\\/\\\/fysiotek-webbshop.se\\\/#organization\"},\"potentialAction\":[{\"@type\":\"SearchAction\",\"target\":{\"@type\":\"EntryPoint\",\"urlTemplate\":\"https:\\\/\\\/fysiotek-webbshop.se\\\/?s={search_term_string}\"},\"query-input\":{\"@type\":\"PropertyValueSpecification\",\"valueRequired\":true,\"valueName\":\"search_term_string\"}}],\"inLanguage\":\"fi\"},{\"@type\":\"Organization\",\"@id\":\"https:\\\/\\\/fysiotek-webbshop.se\\\/#organization\",\"name\":\"Fysiotek\",\"url\":\"https:\\\/\\\/fysiotek-webbshop.se\\\/\",\"logo\":{\"@type\":\"ImageObject\",\"inLanguage\":\"fi\",\"@id\":\"https:\\\/\\\/fysiotek-webbshop.se\\\/#\\\/schema\\\/logo\\\/image\\\/\",\"url\":\"https:\\\/\\\/fysiotek-webbshop.se\\\/wp-content\\\/uploads\\\/2020\\\/09\\\/Logga-fysioteket.jpg\",\"contentUrl\":\"https:\\\/\\\/fysiotek-webbshop.se\\\/wp-content\\\/uploads\\\/2020\\\/09\\\/Logga-fysioteket.jpg\",\"width\":895,\"height\":230,\"caption\":\"Fysiotek\"},\"image\":{\"@id\":\"https:\\\/\\\/fysiotek-webbshop.se\\\/#\\\/schema\\\/logo\\\/image\\\/\"}}]}<\/script>\n<!-- \/ Yoast SEO plugin. -->","yoast_head_json":{"title":"BTB13 Pro-Age Seerumi 30ml - Fysiotek","robots":{"index":"index","follow":"follow","max-snippet":"max-snippet:-1","max-image-preview":"max-image-preview:large","max-video-preview":"max-video-preview:-1"},"canonical":"https:\/\/fysiotek-webbshop.se\/fi\/tuote\/btb13-pro-age-seerumi-30ml\/","og_locale":"fi_FI","og_type":"article","og_title":"BTB13 Pro-Age Seerumi 30ml - Fysiotek","og_description":"BTB13 Pro-Age Seerumi on Pro-Age-hoitolinjan t\u00e4rkein tuote. Sen s\u00e4\u00e4nn\u00f6llisell\u00e4 k\u00e4yt\u00f6ll\u00e4 saadaan aikaan h\u00e4mm\u00e4stytt\u00e4vi\u00e4 tuloksia. Vaikutukset perustuvat BTB13-yhdisteen l-karnitiiniin (BT) ja oroottihappoon (B13), joita on ihossa itsessa\u00e4\u00e4nkin, mutta niiden m\u00e4\u00e4r\u00e4 v\u00e4henee i\u00e4n my\u00f6t\u00e4.  BTB13-yhdiste aktivoi ja energisoi ihosoluja ja sen sis\u00e4lt\u00e4m\u00e4\u00e4 oroottihappoa tarvitaan ihon uusiutumisessa. Uusi Pro-Age seerumi tuoksuu raikkaasti ja hennosti inkiv\u00e4\u00e4\u00e4rille.","og_url":"https:\/\/fysiotek-webbshop.se\/fi\/tuote\/btb13-pro-age-seerumi-30ml\/","og_site_name":"Fysiotek","og_image":[{"width":1200,"height":1200,"url":"https:\/\/fysiotek-webbshop.se\/wp-content\/uploads\/2020\/09\/BTB13_Pro-Age_Firming_Serum.jpg","type":"image\/jpeg"}],"twitter_card":"summary_large_image","schema":{"@context":"https:\/\/schema.org","@graph":[{"@type":"WebPage","@id":"https:\/\/fysiotek-webbshop.se\/fi\/tuote\/btb13-pro-age-seerumi-30ml\/","url":"https:\/\/fysiotek-webbshop.se\/fi\/tuote\/btb13-pro-age-seerumi-30ml\/","name":"BTB13 Pro-Age Seerumi 30ml - Fysiotek","isPartOf":{"@id":"https:\/\/fysiotek-webbshop.se\/#website"},"primaryImageOfPage":{"@id":"https:\/\/fysiotek-webbshop.se\/fi\/tuote\/btb13-pro-age-seerumi-30ml\/#primaryimage"},"image":{"@id":"https:\/\/fysiotek-webbshop.se\/fi\/tuote\/btb13-pro-age-seerumi-30ml\/#primaryimage"},"thumbnailUrl":"https:\/\/fysiotek-webbshop.se\/wp-content\/uploads\/2020\/09\/BTB13_Pro-Age_Firming_Serum.jpg","datePublished":"2020-09-07T16:39:39+00:00","breadcrumb":{"@id":"https:\/\/fysiotek-webbshop.se\/fi\/tuote\/btb13-pro-age-seerumi-30ml\/#breadcrumb"},"inLanguage":"fi","potentialAction":[{"@type":"ReadAction","target":["https:\/\/fysiotek-webbshop.se\/fi\/tuote\/btb13-pro-age-seerumi-30ml\/"]}]},{"@type":"ImageObject","inLanguage":"fi","@id":"https:\/\/fysiotek-webbshop.se\/fi\/tuote\/btb13-pro-age-seerumi-30ml\/#primaryimage","url":"https:\/\/fysiotek-webbshop.se\/wp-content\/uploads\/2020\/09\/BTB13_Pro-Age_Firming_Serum.jpg","contentUrl":"https:\/\/fysiotek-webbshop.se\/wp-content\/uploads\/2020\/09\/BTB13_Pro-Age_Firming_Serum.jpg","width":1200,"height":1200},{"@type":"BreadcrumbList","@id":"https:\/\/fysiotek-webbshop.se\/fi\/tuote\/btb13-pro-age-seerumi-30ml\/#breadcrumb","itemListElement":[{"@type":"ListItem","position":1,"name":"Hem","item":"https:\/\/fysiotek-webbshop.se\/fi\/"},{"@type":"ListItem","position":2,"name":"Tuotteet","item":"https:\/\/fysiotek-webbshop.se\/fi\/tuotteet\/"},{"@type":"ListItem","position":3,"name":"BTB13 Pro-Age Seerumi 30ml"}]},{"@type":"WebSite","@id":"https:\/\/fysiotek-webbshop.se\/#website","url":"https:\/\/fysiotek-webbshop.se\/","name":"Fysiotek","description":"V\u00e4lkommen till v\u00e5ran webbshop p\u00e5 Fysiotek Haparanda","publisher":{"@id":"https:\/\/fysiotek-webbshop.se\/#organization"},"potentialAction":[{"@type":"SearchAction","target":{"@type":"EntryPoint","urlTemplate":"https:\/\/fysiotek-webbshop.se\/?s={search_term_string}"},"query-input":{"@type":"PropertyValueSpecification","valueRequired":true,"valueName":"search_term_string"}}],"inLanguage":"fi"},{"@type":"Organization","@id":"https:\/\/fysiotek-webbshop.se\/#organization","name":"Fysiotek","url":"https:\/\/fysiotek-webbshop.se\/","logo":{"@type":"ImageObject","inLanguage":"fi","@id":"https:\/\/fysiotek-webbshop.se\/#\/schema\/logo\/image\/","url":"https:\/\/fysiotek-webbshop.se\/wp-content\/uploads\/2020\/09\/Logga-fysioteket.jpg","contentUrl":"https:\/\/fysiotek-webbshop.se\/wp-content\/uploads\/2020\/09\/Logga-fysioteket.jpg","width":895,"height":230,"caption":"Fysiotek"},"image":{"@id":"https:\/\/fysiotek-webbshop.se\/#\/schema\/logo\/image\/"}}]}},"_links":{"self":[{"href":"https:\/\/fysiotek-webbshop.se\/fi\/wp-json\/wp\/v2\/product\/354","targetHints":{"allow":["GET"]}}],"collection":[{"href":"https:\/\/fysiotek-webbshop.se\/fi\/wp-json\/wp\/v2\/product"}],"about":[{"href":"https:\/\/fysiotek-webbshop.se\/fi\/wp-json\/wp\/v2\/types\/product"}],"wp:featuredmedia":[{"embeddable":true,"href":"https:\/\/fysiotek-webbshop.se\/fi\/wp-json\/wp\/v2\/media\/372"}],"wp:attachment":[{"href":"https:\/\/fysiotek-webbshop.se\/fi\/wp-json\/wp\/v2\/media?parent=354"}],"wp:term":[{"taxonomy":"product_brand","embeddable":true,"href":"https:\/\/fysiotek-webbshop.se\/fi\/wp-json\/wp\/v2\/product_brand?post=354"},{"taxonomy":"product_cat","embeddable":true,"href":"https:\/\/fysiotek-webbshop.se\/fi\/wp-json\/wp\/v2\/product_cat?post=354"},{"taxonomy":"product_tag","embeddable":true,"href":"https:\/\/fysiotek-webbshop.se\/fi\/wp-json\/wp\/v2\/product_tag?post=354"}],"curies":[{"name":"wp","href":"https:\/\/api.w.org\/{rel}","templated":true}]}}