{"id":136,"date":"2020-09-11T12:21:48","date_gmt":"2020-09-11T10:21:48","guid":{"rendered":"https:\/\/fysiotek-webbshop.se\/cart\/"},"modified":"2020-09-11T12:23:24","modified_gmt":"2020-09-11T10:23:24","slug":"ostoskori","status":"publish","type":"page","link":"https:\/\/fysiotek-webbshop.se\/fi\/ostoskori\/","title":{"rendered":"Ostoskori"},"content":{"rendered":"\n","protected":false},"excerpt":{"rendered":"","protected":false},"author":1,"featured_media":0,"parent":0,"menu_order":0,"comment_status":"closed","ping_status":"closed","template":"","meta":{"_acf_changed":false,"footnotes":""},"class_list":["post-136","page","type-page","status-publish","hentry"],"acf":[],"yoast_head":"<!-- This site is optimized with the Yoast SEO plugin v27.3 - https:\/\/yoast.com\/product\/yoast-seo-wordpress\/ -->\n<title>Ostoskori - Fysiotek<\/title>\n<meta name=\"robots\" content=\"index, follow, max-snippet:-1, max-image-preview:large, max-video-preview:-1\" \/>\n<link rel=\"canonical\" href=\"https:\/\/fysiotek-webbshop.se\/fi\/ostoskori\/\" \/>\n<meta property=\"og:locale\" content=\"fi_FI\" \/>\n<meta property=\"og:type\" content=\"article\" \/>\n<meta property=\"og:title\" content=\"Ostoskori - Fysiotek\" \/>\n<meta property=\"og:url\" content=\"https:\/\/fysiotek-webbshop.se\/fi\/ostoskori\/\" \/>\n<meta property=\"og:site_name\" content=\"Fysiotek\" \/>\n<meta property=\"article:modified_time\" content=\"2020-09-11T10:23:24+00:00\" \/>\n<meta name=\"twitter:card\" content=\"summary_large_image\" \/>\n<script type=\"application\/ld+json\" class=\"yoast-schema-graph\">{\"@context\":\"https:\\\/\\\/schema.org\",\"@graph\":[{\"@type\":\"WebPage\",\"@id\":\"https:\\\/\\\/fysiotek-webbshop.se\\\/fi\\\/ostoskori\\\/\",\"url\":\"https:\\\/\\\/fysiotek-webbshop.se\\\/fi\\\/ostoskori\\\/\",\"name\":\"Ostoskori - Fysiotek\",\"isPartOf\":{\"@id\":\"https:\\\/\\\/fysiotek-webbshop.se\\\/#website\"},\"datePublished\":\"2020-09-11T10:21:48+00:00\",\"dateModified\":\"2020-09-11T10:23:24+00:00\",\"breadcrumb\":{\"@id\":\"https:\\\/\\\/fysiotek-webbshop.se\\\/fi\\\/ostoskori\\\/#breadcrumb\"},\"inLanguage\":\"fi\",\"potentialAction\":[{\"@type\":\"ReadAction\",\"target\":[\"https:\\\/\\\/fysiotek-webbshop.se\\\/fi\\\/ostoskori\\\/\"]}]},{\"@type\":\"BreadcrumbList\",\"@id\":\"https:\\\/\\\/fysiotek-webbshop.se\\\/fi\\\/ostoskori\\\/#breadcrumb\",\"itemListElement\":[{\"@type\":\"ListItem\",\"position\":1,\"name\":\"Hem\",\"item\":\"https:\\\/\\\/fysiotek-webbshop.se\\\/fi\\\/\"},{\"@type\":\"ListItem\",\"position\":2,\"name\":\"Ostoskori\"}]},{\"@type\":\"WebSite\",\"@id\":\"https:\\\/\\\/fysiotek-webbshop.se\\\/#website\",\"url\":\"https:\\\/\\\/fysiotek-webbshop.se\\\/\",\"name\":\"Fysiotek\",\"description\":\"V\u00e4lkommen till v\u00e5ran webbshop p\u00e5 Fysiotek Haparanda\",\"publisher\":{\"@id\":\"https:\\\/\\\/fysiotek-webbshop.se\\\/#organization\"},\"potentialAction\":[{\"@type\":\"SearchAction\",\"target\":{\"@type\":\"EntryPoint\",\"urlTemplate\":\"https:\\\/\\\/fysiotek-webbshop.se\\\/?s={search_term_string}\"},\"query-input\":{\"@type\":\"PropertyValueSpecification\",\"valueRequired\":true,\"valueName\":\"search_term_string\"}}],\"inLanguage\":\"fi\"},{\"@type\":\"Organization\",\"@id\":\"https:\\\/\\\/fysiotek-webbshop.se\\\/#organization\",\"name\":\"Fysiotek\",\"url\":\"https:\\\/\\\/fysiotek-webbshop.se\\\/\",\"logo\":{\"@type\":\"ImageObject\",\"inLanguage\":\"fi\",\"@id\":\"https:\\\/\\\/fysiotek-webbshop.se\\\/#\\\/schema\\\/logo\\\/image\\\/\",\"url\":\"https:\\\/\\\/fysiotek-webbshop.se\\\/wp-content\\\/uploads\\\/2020\\\/09\\\/Logga-fysioteket.jpg\",\"contentUrl\":\"https:\\\/\\\/fysiotek-webbshop.se\\\/wp-content\\\/uploads\\\/2020\\\/09\\\/Logga-fysioteket.jpg\",\"width\":895,\"height\":230,\"caption\":\"Fysiotek\"},\"image\":{\"@id\":\"https:\\\/\\\/fysiotek-webbshop.se\\\/#\\\/schema\\\/logo\\\/image\\\/\"}}]}<\/script>\n<!-- \/ Yoast SEO plugin. -->","yoast_head_json":{"title":"Ostoskori - Fysiotek","robots":{"index":"index","follow":"follow","max-snippet":"max-snippet:-1","max-image-preview":"max-image-preview:large","max-video-preview":"max-video-preview:-1"},"canonical":"https:\/\/fysiotek-webbshop.se\/fi\/ostoskori\/","og_locale":"fi_FI","og_type":"article","og_title":"Ostoskori - Fysiotek","og_url":"https:\/\/fysiotek-webbshop.se\/fi\/ostoskori\/","og_site_name":"Fysiotek","article_modified_time":"2020-09-11T10:23:24+00:00","twitter_card":"summary_large_image","schema":{"@context":"https:\/\/schema.org","@graph":[{"@type":"WebPage","@id":"https:\/\/fysiotek-webbshop.se\/fi\/ostoskori\/","url":"https:\/\/fysiotek-webbshop.se\/fi\/ostoskori\/","name":"Ostoskori - Fysiotek","isPartOf":{"@id":"https:\/\/fysiotek-webbshop.se\/#website"},"datePublished":"2020-09-11T10:21:48+00:00","dateModified":"2020-09-11T10:23:24+00:00","breadcrumb":{"@id":"https:\/\/fysiotek-webbshop.se\/fi\/ostoskori\/#breadcrumb"},"inLanguage":"fi","potentialAction":[{"@type":"ReadAction","target":["https:\/\/fysiotek-webbshop.se\/fi\/ostoskori\/"]}]},{"@type":"BreadcrumbList","@id":"https:\/\/fysiotek-webbshop.se\/fi\/ostoskori\/#breadcrumb","itemListElement":[{"@type":"ListItem","position":1,"name":"Hem","item":"https:\/\/fysiotek-webbshop.se\/fi\/"},{"@type":"ListItem","position":2,"name":"Ostoskori"}]},{"@type":"WebSite","@id":"https:\/\/fysiotek-webbshop.se\/#website","url":"https:\/\/fysiotek-webbshop.se\/","name":"Fysiotek","description":"V\u00e4lkommen till v\u00e5ran webbshop p\u00e5 Fysiotek Haparanda","publisher":{"@id":"https:\/\/fysiotek-webbshop.se\/#organization"},"potentialAction":[{"@type":"SearchAction","target":{"@type":"EntryPoint","urlTemplate":"https:\/\/fysiotek-webbshop.se\/?s={search_term_string}"},"query-input":{"@type":"PropertyValueSpecification","valueRequired":true,"valueName":"search_term_string"}}],"inLanguage":"fi"},{"@type":"Organization","@id":"https:\/\/fysiotek-webbshop.se\/#organization","name":"Fysiotek","url":"https:\/\/fysiotek-webbshop.se\/","logo":{"@type":"ImageObject","inLanguage":"fi","@id":"https:\/\/fysiotek-webbshop.se\/#\/schema\/logo\/image\/","url":"https:\/\/fysiotek-webbshop.se\/wp-content\/uploads\/2020\/09\/Logga-fysioteket.jpg","contentUrl":"https:\/\/fysiotek-webbshop.se\/wp-content\/uploads\/2020\/09\/Logga-fysioteket.jpg","width":895,"height":230,"caption":"Fysiotek"},"image":{"@id":"https:\/\/fysiotek-webbshop.se\/#\/schema\/logo\/image\/"}}]}},"_links":{"self":[{"href":"https:\/\/fysiotek-webbshop.se\/fi\/wp-json\/wp\/v2\/pages\/136","targetHints":{"allow":["GET"]}}],"collection":[{"href":"https:\/\/fysiotek-webbshop.se\/fi\/wp-json\/wp\/v2\/pages"}],"about":[{"href":"https:\/\/fysiotek-webbshop.se\/fi\/wp-json\/wp\/v2\/types\/page"}],"author":[{"embeddable":true,"href":"https:\/\/fysiotek-webbshop.se\/fi\/wp-json\/wp\/v2\/users\/1"}],"replies":[{"embeddable":true,"href":"https:\/\/fysiotek-webbshop.se\/fi\/wp-json\/wp\/v2\/comments?post=136"}],"version-history":[{"count":1,"href":"https:\/\/fysiotek-webbshop.se\/fi\/wp-json\/wp\/v2\/pages\/136\/revisions"}],"predecessor-version":[{"id":139,"href":"https:\/\/fysiotek-webbshop.se\/fi\/wp-json\/wp\/v2\/pages\/136\/revisions\/139"}],"wp:attachment":[{"href":"https:\/\/fysiotek-webbshop.se\/fi\/wp-json\/wp\/v2\/media?parent=136"}],"curies":[{"name":"wp","href":"https:\/\/api.w.org\/{rel}","templated":true}]}}